{"id":1329,"date":"2024-05-21T12:16:45","date_gmt":"2024-05-21T12:16:45","guid":{"rendered":"https:\/\/alixaphotography.com\/?page_id=1329"},"modified":"2024-08-06T07:39:22","modified_gmt":"2024-08-06T07:39:22","slug":"datenschutz","status":"publish","type":"page","link":"https:\/\/alixaphotography.com\/en\/datenschutz\/","title":{"rendered":"Privacy"},"content":{"rendered":"<p>We process your personal data under the following\u00a0<strong>Categories<\/strong>\u00a0of data:<\/p>\n\n\n\n<ul class=\"wp-block-list\">\n<li>Name\/Company,<\/li>\n\n\n\n<li>Profession\/Job Title,<\/li>\n\n\n\n<li>Date of birth<\/li>\n\n\n\n<li>Contact<\/li>\n\n\n\n<li>Business address and the other addresses of the customers,\u00a0<\/li>\n\n\n\n<li>Contact details (telephone number, Fax number, E-Mail address, etc.)\u00a0<\/li>\n\n\n\n<li>Bank Details, Credit Card Information,\u00a0<\/li>\n\n\n\n<li>Ordering data<\/li>\n\n\n\n<li>Customer service inquiries,<\/li>\n<\/ul>\n\n\n\n<p>You have provided us with personal information voluntarily, and we process such data on the basis of&nbsp;<strong>Consent<\/strong>&nbsp;for the following purposes:<\/p>\n\n\n\n<ul class=\"wp-block-list\">\n<li>Care of the customer, as well as\u00a0<\/li>\n\n\n\n<li>for our own advertising purposes, for example, to the sending of promotional, advertising brochures and newsletters (in paper and electronic Form), as well as for the purposes of the notice of the customer&#039;s existing or previous business relationship (reference note).<\/li>\n<\/ul>\n\n\n\n<p>You may revoke this consent at any time. A\u00a0<strong>Revocation<\/strong>\u00a0no longer has the consequence that we process your data from that date to the above-mentioned purposes.\u00a0<strong>For a cancellation, please contact:<\/strong> <strong>alixa.photography@gmail.com\u00a0<\/strong><\/p>\n\n\n\n<p>The data provided by you to also&nbsp;<strong>Fulfilment of the contract<\/strong>&nbsp;or for carrying out precontractual measures will be required. Without these data we cannot conclude the contract with you.<\/p>\n\n\n\n<p>We\u00a0<strong>save<\/strong>\u00a0Your data indefinitely until revocation.<\/p>\n\n\n\n<p>We will pass on your data to the following\u00a0<strong>Receiver<\/strong>\u00a0or receiver categories: participants in the project.<\/p>\n\n\n\n<p><em>All involved in the project. No Bank will be shared connections, but much of the contact information like Email, Name, address, phone number,...<\/em><\/p>\n\n\n\n<p><strong>You can reach us under the following contact details:\u00a0<\/strong>alixa.photography@gmail.com<\/p>\n\n\n\n<p><strong>Appeal information<\/strong><\/p>\n\n\n\n<p>You have the rights to information, correction, deletion, restriction, data portability and to object to in principle. For this, please contact us. If you believe that the processing of your data against the data protection law or your data protection have been violated legal claims otherwise, in a way, you can complain to the Supervisory authority. In Austria, the is&nbsp;<a href=\"http:\/\/dsb.gv.at\/\" target=\"_blank\" rel=\"noreferrer noopener\">Data protection authority<\/a>&nbsp;responsible.<\/p>\n\n\n\n<hr class=\"wp-block-separator has-alpha-channel-opacity\"\/>\n\n\n\n<p><\/p>","protected":false},"excerpt":{"rendered":"<p>Wir verarbeiten Ihre personenbezogenen Daten, die unter folgende\u00a0Datenkategorien\u00a0fallen: Sie haben uns Daten \u00fcber sich freiwillig zur Verf\u00fcgung gestellt und wir verarbeiten diese Daten auf Grundlage Ihrer&nbsp;Einwilligung&nbsp;zu folgenden Zwecken: Sie k\u00f6nnen diese Einwilligung jederzeit widerrufen. Ein\u00a0Widerruf\u00a0hat zur Folge, dass wir Ihre Daten ab diesem Zeitpunkt zu oben genannten Zwecken nicht mehr verarbeiten.\u00a0F\u00fcr einen Widerruf wenden Sie [&hellip;]<\/p>\n","protected":false},"author":1,"featured_media":0,"parent":0,"menu_order":0,"comment_status":"closed","ping_status":"closed","template":"","meta":{"_uag_custom_page_level_css":"","site-sidebar-layout":"default","site-content-layout":"","ast-site-content-layout":"default","site-content-style":"default","site-sidebar-style":"default","ast-global-header-display":"","ast-banner-title-visibility":"","ast-main-header-display":"","ast-hfb-above-header-display":"","ast-hfb-below-header-display":"","ast-hfb-mobile-header-display":"","site-post-title":"","ast-breadcrumbs-content":"","ast-featured-img":"","footer-sml-layout":"","ast-disable-related-posts":"","theme-transparent-header-meta":"","adv-header-id-meta":"","stick-header-meta":"","header-above-stick-meta":"","header-main-stick-meta":"","header-below-stick-meta":"","astra-migrate-meta-layouts":"set","ast-page-background-enabled":"default","ast-page-background-meta":{"desktop":{"background-color":"","background-image":"","background-repeat":"repeat","background-position":"center center","background-size":"auto","background-attachment":"scroll","background-type":"","background-media":"","overlay-type":"","overlay-color":"","overlay-opacity":"","overlay-gradient":""},"tablet":{"background-color":"","background-image":"","background-repeat":"repeat","background-position":"center center","background-size":"auto","background-attachment":"scroll","background-type":"","background-media":"","overlay-type":"","overlay-color":"","overlay-opacity":"","overlay-gradient":""},"mobile":{"background-color":"","background-image":"","background-repeat":"repeat","background-position":"center center","background-size":"auto","background-attachment":"scroll","background-type":"","background-media":"","overlay-type":"","overlay-color":"","overlay-opacity":"","overlay-gradient":""}},"ast-content-background-meta":{"desktop":{"background-color":"var(--ast-global-color-5)","background-image":"","background-repeat":"repeat","background-position":"center center","background-size":"auto","background-attachment":"scroll","background-type":"","background-media":"","overlay-type":"","overlay-color":"","overlay-opacity":"","overlay-gradient":""},"tablet":{"background-color":"var(--ast-global-color-5)","background-image":"","background-repeat":"repeat","background-position":"center center","background-size":"auto","background-attachment":"scroll","background-type":"","background-media":"","overlay-type":"","overlay-color":"","overlay-opacity":"","overlay-gradient":""},"mobile":{"background-color":"var(--ast-global-color-5)","background-image":"","background-repeat":"repeat","background-position":"center center","background-size":"auto","background-attachment":"scroll","background-type":"","background-media":"","overlay-type":"","overlay-color":"","overlay-opacity":"","overlay-gradient":""}},"footnotes":""},"class_list":["post-1329","page","type-page","status-publish","hentry"],"yoast_head":"<!-- This site is optimized with the Yoast SEO plugin v27.5 - https:\/\/yoast.com\/product\/yoast-seo-wordpress\/ -->\n<title>Alixa Photography by Alicia Bogner |<\/title>\n<meta name=\"description\" content=\"Wir verarbeiten Ihre personenbezogenen Daten, die unter folgende\u00a0Datenkategorien\u00a0fallen: Name\/Firma, Beruf\/Berufsbezeichnung, Geburtsdatum,\" \/>\n<meta name=\"robots\" content=\"index, follow, max-snippet:-1, max-image-preview:large, max-video-preview:-1\" \/>\n<link rel=\"canonical\" href=\"https:\/\/alixaphotography.com\/en\/datenschutz\/\" \/>\n<meta property=\"og:locale\" content=\"en_US\" \/>\n<meta property=\"og:type\" content=\"article\" \/>\n<meta property=\"og:title\" content=\"Alixa Photography by Alicia Bogner |\" \/>\n<meta property=\"og:description\" content=\"Wir verarbeiten Ihre personenbezogenen Daten, die unter folgende\u00a0Datenkategorien\u00a0fallen: Name\/Firma, Beruf\/Berufsbezeichnung, Geburtsdatum,\" \/>\n<meta property=\"og:url\" content=\"https:\/\/alixaphotography.com\/en\/datenschutz\/\" \/>\n<meta property=\"og:site_name\" content=\"Alixa Photography by Alicia Bogner\" \/>\n<meta property=\"article:publisher\" content=\"https:\/\/www.facebook.com\/profile.php?id=61567727885381\" \/>\n<meta property=\"article:modified_time\" content=\"2024-08-06T07:39:22+00:00\" \/>\n<meta property=\"og:image\" content=\"https:\/\/alixaphotography.com\/wp-content\/uploads\/2024\/05\/Logo-1.png\" \/>\n\t<meta property=\"og:image:width\" content=\"1563\" \/>\n\t<meta property=\"og:image:height\" content=\"1563\" \/>\n\t<meta property=\"og:image:type\" content=\"image\/png\" \/>\n<meta name=\"twitter:card\" content=\"summary_large_image\" \/>\n<meta name=\"twitter:label1\" content=\"Est. reading time\" \/>\n\t<meta name=\"twitter:data1\" content=\"1 minute\" \/>\n<script type=\"application\/ld+json\" class=\"yoast-schema-graph\">{\"@context\":\"https:\\\/\\\/schema.org\",\"@graph\":[{\"@type\":\"WebPage\",\"@id\":\"https:\\\/\\\/alixaphotography.com\\\/datenschutz\\\/\",\"url\":\"https:\\\/\\\/alixaphotography.com\\\/datenschutz\\\/\",\"name\":\"Alixa Photography by Alicia Bogner |\",\"isPartOf\":{\"@id\":\"https:\\\/\\\/alixaphotography.com\\\/#website\"},\"datePublished\":\"2024-05-21T12:16:45+00:00\",\"dateModified\":\"2024-08-06T07:39:22+00:00\",\"description\":\"Wir verarbeiten Ihre personenbezogenen Daten, die unter folgende\u00a0Datenkategorien\u00a0fallen: Name\\\/Firma, Beruf\\\/Berufsbezeichnung, Geburtsdatum,\",\"breadcrumb\":{\"@id\":\"https:\\\/\\\/alixaphotography.com\\\/datenschutz\\\/#breadcrumb\"},\"inLanguage\":\"en-US\",\"potentialAction\":[{\"@type\":\"ReadAction\",\"target\":[\"https:\\\/\\\/alixaphotography.com\\\/datenschutz\\\/\"]}]},{\"@type\":\"BreadcrumbList\",\"@id\":\"https:\\\/\\\/alixaphotography.com\\\/datenschutz\\\/#breadcrumb\",\"itemListElement\":[{\"@type\":\"ListItem\",\"position\":1,\"name\":\"Startseite\",\"item\":\"https:\\\/\\\/alixaphotography.com\\\/\"},{\"@type\":\"ListItem\",\"position\":2,\"name\":\"Datenschutz\"}]},{\"@type\":\"WebSite\",\"@id\":\"https:\\\/\\\/alixaphotography.com\\\/#website\",\"url\":\"https:\\\/\\\/alixaphotography.com\\\/\",\"name\":\"Alixa Photography | Alicia Bogner\",\"description\":\"Capturing unique stories\",\"publisher\":{\"@id\":\"https:\\\/\\\/alixaphotography.com\\\/#organization\"},\"potentialAction\":[{\"@type\":\"SearchAction\",\"target\":{\"@type\":\"EntryPoint\",\"urlTemplate\":\"https:\\\/\\\/alixaphotography.com\\\/?s={search_term_string}\"},\"query-input\":{\"@type\":\"PropertyValueSpecification\",\"valueRequired\":true,\"valueName\":\"search_term_string\"}}],\"inLanguage\":\"en-US\"},{\"@type\":\"Organization\",\"@id\":\"https:\\\/\\\/alixaphotography.com\\\/#organization\",\"name\":\"Alixa Photography | Alicia Bogner\",\"url\":\"https:\\\/\\\/alixaphotography.com\\\/\",\"logo\":{\"@type\":\"ImageObject\",\"inLanguage\":\"en-US\",\"@id\":\"https:\\\/\\\/alixaphotography.com\\\/#\\\/schema\\\/logo\\\/image\\\/\",\"url\":\"https:\\\/\\\/alixaphotography.com\\\/wp-content\\\/uploads\\\/2024\\\/05\\\/Logo-1.png\",\"contentUrl\":\"https:\\\/\\\/alixaphotography.com\\\/wp-content\\\/uploads\\\/2024\\\/05\\\/Logo-1.png\",\"width\":1563,\"height\":1563,\"caption\":\"Alixa Photography | Alicia Bogner\"},\"image\":{\"@id\":\"https:\\\/\\\/alixaphotography.com\\\/#\\\/schema\\\/logo\\\/image\\\/\"},\"sameAs\":[\"https:\\\/\\\/www.facebook.com\\\/profile.php?id=61567727885381\",\"https:\\\/\\\/www.instagram.com\\\/alixa.photography\\\/\",\"https:\\\/\\\/at.pinterest.com\\\/alixaphotography\\\/\"]}]}<\/script>\n<!-- \/ Yoast SEO plugin. -->","yoast_head_json":{"title":"Alixa Photography by Alicia Bogner |","description":"Wir verarbeiten Ihre personenbezogenen Daten, die unter folgende\u00a0Datenkategorien\u00a0fallen: Name\/Firma, Beruf\/Berufsbezeichnung, Geburtsdatum,","robots":{"index":"index","follow":"follow","max-snippet":"max-snippet:-1","max-image-preview":"max-image-preview:large","max-video-preview":"max-video-preview:-1"},"canonical":"https:\/\/alixaphotography.com\/en\/datenschutz\/","og_locale":"en_US","og_type":"article","og_title":"Alixa Photography by Alicia Bogner |","og_description":"Wir verarbeiten Ihre personenbezogenen Daten, die unter folgende\u00a0Datenkategorien\u00a0fallen: Name\/Firma, Beruf\/Berufsbezeichnung, Geburtsdatum,","og_url":"https:\/\/alixaphotography.com\/en\/datenschutz\/","og_site_name":"Alixa Photography by Alicia Bogner","article_publisher":"https:\/\/www.facebook.com\/profile.php?id=61567727885381","article_modified_time":"2024-08-06T07:39:22+00:00","og_image":[{"width":1563,"height":1563,"url":"https:\/\/alixaphotography.com\/wp-content\/uploads\/2024\/05\/Logo-1.png","type":"image\/png"}],"twitter_card":"summary_large_image","twitter_misc":{"Est. reading time":"1 minute"},"schema":{"@context":"https:\/\/schema.org","@graph":[{"@type":"WebPage","@id":"https:\/\/alixaphotography.com\/datenschutz\/","url":"https:\/\/alixaphotography.com\/datenschutz\/","name":"Alixa Photography by Alicia Bogner |","isPartOf":{"@id":"https:\/\/alixaphotography.com\/#website"},"datePublished":"2024-05-21T12:16:45+00:00","dateModified":"2024-08-06T07:39:22+00:00","description":"Wir verarbeiten Ihre personenbezogenen Daten, die unter folgende\u00a0Datenkategorien\u00a0fallen: Name\/Firma, Beruf\/Berufsbezeichnung, Geburtsdatum,","breadcrumb":{"@id":"https:\/\/alixaphotography.com\/datenschutz\/#breadcrumb"},"inLanguage":"en-US","potentialAction":[{"@type":"ReadAction","target":["https:\/\/alixaphotography.com\/datenschutz\/"]}]},{"@type":"BreadcrumbList","@id":"https:\/\/alixaphotography.com\/datenschutz\/#breadcrumb","itemListElement":[{"@type":"ListItem","position":1,"name":"Startseite","item":"https:\/\/alixaphotography.com\/"},{"@type":"ListItem","position":2,"name":"Datenschutz"}]},{"@type":"WebSite","@id":"https:\/\/alixaphotography.com\/#website","url":"https:\/\/alixaphotography.com\/","name":"Alixa Photography | Alicia Bogner","description":"Capturing unique stories","publisher":{"@id":"https:\/\/alixaphotography.com\/#organization"},"potentialAction":[{"@type":"SearchAction","target":{"@type":"EntryPoint","urlTemplate":"https:\/\/alixaphotography.com\/?s={search_term_string}"},"query-input":{"@type":"PropertyValueSpecification","valueRequired":true,"valueName":"search_term_string"}}],"inLanguage":"en-US"},{"@type":"Organization","@id":"https:\/\/alixaphotography.com\/#organization","name":"Alixa Photography | Alicia Bogner","url":"https:\/\/alixaphotography.com\/","logo":{"@type":"ImageObject","inLanguage":"en-US","@id":"https:\/\/alixaphotography.com\/#\/schema\/logo\/image\/","url":"https:\/\/alixaphotography.com\/wp-content\/uploads\/2024\/05\/Logo-1.png","contentUrl":"https:\/\/alixaphotography.com\/wp-content\/uploads\/2024\/05\/Logo-1.png","width":1563,"height":1563,"caption":"Alixa Photography | Alicia Bogner"},"image":{"@id":"https:\/\/alixaphotography.com\/#\/schema\/logo\/image\/"},"sameAs":["https:\/\/www.facebook.com\/profile.php?id=61567727885381","https:\/\/www.instagram.com\/alixa.photography\/","https:\/\/at.pinterest.com\/alixaphotography\/"]}]}},"uagb_featured_image_src":{"full":false,"thumbnail":false,"medium":false,"medium_large":false,"large":false,"1536x1536":false,"2048x2048":false,"trp-custom-language-flag":false},"uagb_author_info":{"display_name":"Alicia Bogner","author_link":"https:\/\/alixaphotography.com\/en\/author\/alixa\/"},"uagb_comment_info":0,"uagb_excerpt":"Wir verarbeiten Ihre personenbezogenen Daten, die unter folgende\u00a0Datenkategorien\u00a0fallen: Sie haben uns Daten \u00fcber sich freiwillig zur Verf\u00fcgung gestellt und wir verarbeiten diese Daten auf Grundlage Ihrer&nbsp;Einwilligung&nbsp;zu folgenden Zwecken: Sie k\u00f6nnen diese Einwilligung jederzeit widerrufen. Ein\u00a0Widerruf\u00a0hat zur Folge, dass wir Ihre Daten ab diesem Zeitpunkt zu oben genannten Zwecken nicht mehr verarbeiten.\u00a0F\u00fcr einen Widerruf wenden Sie&hellip;","_links":{"self":[{"href":"https:\/\/alixaphotography.com\/en\/wp-json\/wp\/v2\/pages\/1329","targetHints":{"allow":["GET"]}}],"collection":[{"href":"https:\/\/alixaphotography.com\/en\/wp-json\/wp\/v2\/pages"}],"about":[{"href":"https:\/\/alixaphotography.com\/en\/wp-json\/wp\/v2\/types\/page"}],"author":[{"embeddable":true,"href":"https:\/\/alixaphotography.com\/en\/wp-json\/wp\/v2\/users\/1"}],"replies":[{"embeddable":true,"href":"https:\/\/alixaphotography.com\/en\/wp-json\/wp\/v2\/comments?post=1329"}],"version-history":[{"count":2,"href":"https:\/\/alixaphotography.com\/en\/wp-json\/wp\/v2\/pages\/1329\/revisions"}],"predecessor-version":[{"id":1822,"href":"https:\/\/alixaphotography.com\/en\/wp-json\/wp\/v2\/pages\/1329\/revisions\/1822"}],"wp:attachment":[{"href":"https:\/\/alixaphotography.com\/en\/wp-json\/wp\/v2\/media?parent=1329"}],"curies":[{"name":"wp","href":"https:\/\/api.w.org\/{rel}","templated":true}]}}