{"id":694,"date":"2024-05-06T12:01:10","date_gmt":"2024-05-06T12:01:10","guid":{"rendered":"https:\/\/alixaphotography.com\/index.php\/biography\/"},"modified":"2026-03-02T21:40:46","modified_gmt":"2026-03-02T21:40:46","slug":"ueber-mich","status":"publish","type":"page","link":"https:\/\/alixaphotography.com\/en\/ueber-mich\/","title":{"rendered":"\u00dcber Mich"},"content":{"rendered":"<div class=\"wp-block-uagb-container uagb-block-b341df05 alignfull uagb-is-root-container\"><div class=\"uagb-container-inner-blocks-wrap\">\n<div style=\"height:87px\" aria-hidden=\"true\" class=\"wp-block-spacer\"><\/div>\n\n\n\n<p class=\"has-text-align-center has-x-large-font-size\">Let&#039;s get to know each other!<\/p>\n\n\n\n<div style=\"height:256px\" aria-hidden=\"true\" class=\"wp-block-spacer\"><\/div>\n\n\n\n<div class=\"wp-block-uagb-container uagb-block-62a10ceb\">\n<div style=\"height:418px\" aria-hidden=\"true\" class=\"wp-block-spacer\"><\/div>\n<\/div>\n\n\n\n<div class=\"wp-block-uagb-container uagb-block-32544cb8\"><\/div>\n<\/div><\/div>\n\n\n\n<div style=\"height:100px\" aria-hidden=\"true\" class=\"wp-block-spacer\"><\/div>\n\n\n\n<div class=\"wp-block-uagb-container uagb-block-175e02c8 alignfull uagb-is-root-container\"><div class=\"uagb-container-inner-blocks-wrap\">\n<div class=\"wp-block-uagb-container uagb-block-47e93336\">\n<p>Hi! I'm Alicia! <br><br>I was born in Vienna but I have Argentinian roots. Since I have family in Argentina I started traveling very young. <br>I was always curious and always had to do something. That's why I eventually get a small camera and was overjoyed. (Small-Alicia loved to press buttons) <br><br>When I was a bit older, my father gave me his \"old\" DSLR camera. I attended a photography course, where I learned how to shoot Manually and began photographing friends and family. <br><br>In 2023, I took a big step and decided to contact Models and start networking with other photographers. Since then, I've started my own business and could not be happier \ud83d\ude42<\/p>\n\n\n\n<p><\/p>\n<\/div>\n\n\n\n<div class=\"wp-block-uagb-container uagb-block-f4977a5e\">\n<div class=\"wp-block-uagb-image uagb-block-3c85d780 wp-block-uagb-image--layout-default wp-block-uagb-image--effect-static wp-block-uagb-image--align-none\"><figure class=\"wp-block-uagb-image__figure\"><img decoding=\"async\" srcset=\"https:\/\/alixaphotography.com\/wp-content\/uploads\/2024\/06\/IMG_7450-819x1024.jpeg ,https:\/\/alixaphotography.com\/wp-content\/uploads\/2024\/06\/IMG_7450.jpeg 780w, https:\/\/alixaphotography.com\/wp-content\/uploads\/2024\/06\/IMG_7450.jpeg 360w\" sizes=\"auto, (max-width: 480px) 150px\" src=\"https:\/\/alixaphotography.com\/wp-content\/uploads\/2024\/06\/IMG_7450-819x1024.jpeg\" alt=\"\" class=\"uag-image-1390\" width=\"626\" height=\"783\" title=\"Alicia\" loading=\"lazy\" role=\"img\"\/><\/figure><\/div>\n<\/div>\n<\/div><\/div>\n\n\n\n<p><\/p>\n\n\n\n<div style=\"height:34px\" aria-hidden=\"true\" class=\"wp-block-spacer\"><\/div>\n\n\n\n<div class=\"wp-block-uagb-container uagb-block-b3c34a43 alignfull uagb-is-root-container\"><div class=\"uagb-container-inner-blocks-wrap\">\n<div style=\"height:44px\" aria-hidden=\"true\" class=\"wp-block-spacer\"><\/div>\n<\/div><\/div>\n\n\n\n<div class=\"wp-block-uagb-container uagb-block-660098c8 alignfull uagb-is-root-container\"><div class=\"uagb-container-inner-blocks-wrap\">\n<div class=\"wp-block-uagb-testimonial uagb-slick-carousel uagb-tm__arrow-outside uagb-block-77f413b1\"><div class=\"is-carousel uagb-tm__columns-1 uagb-tm__items\"><div class=\"uagb-testimonial__wrap  uagb-tm__imgicon-style-circle uagb-tm__image-position-bottom uagb-tm__bg-type-color\"><div class=\"uagb-tm__content\"><div class=\"uagb-tm__overlay\"><\/div><div class=\"uagb-tm__text-wrap\"><div class=\"uagb-tm__desc\">During our couple photoshoot with Alicia, it felt like we had been friends with her forever. She took her time to bring her creative ideas to life while also listening to our wishes. The result was a collection of beautiful photos that exceeded all our expectations.<\/div><div class=\"uagb-tm__meta-inner\"><div class=\"uagb-tm__image-content\"><div class=\"uagb-tm__image\"><img decoding=\"async\" class=\"uagb-tm-img-src\" src=\"https:\/\/alixaphotography.com\/wp-content\/uploads\/2024\/11\/IMG_9122-150x150.jpg\" alt=\"\" width=\"60\" height=\"60\" loading=\"lazy\"\/><\/div><\/div><div class=\"uagb-testimonial-details\"><span class=\"uagb-tm__author-name\">Mathias<\/span><span class=\"uagb-tm__company\"><\/span><\/div><\/div><\/div><\/div><\/div><div class=\"uagb-testimonial__wrap  uagb-tm__imgicon-style-circle uagb-tm__image-position-bottom uagb-tm__bg-type-color\"><div class=\"uagb-tm__content\"><div class=\"uagb-tm__overlay\"><\/div><div class=\"uagb-tm__text-wrap\"><div class=\"uagb-tm__desc\">We did our first couple shoot with Alicia and couldn\u2019t be happier with our choice. Alicia took a lot of time for us throughout the entire process and came to the shoot with so many great ideas. We had so much fun together, and the photos perfectly reflect that \u2014 we absolutely love the results!<br>Thank you for the quick and attentive editing and these incredibly beautiful pictures! \ud83c\udf1e\ud83e\udef6\ud83c\udffc <\/div><div class=\"uagb-tm__meta-inner\"><div class=\"uagb-tm__image-content\"><div class=\"uagb-tm__image\"><img decoding=\"async\" class=\"uagb-tm-img-src\" src=\"https:\/\/alixaphotography.com\/wp-content\/uploads\/2024\/11\/DSC03440-1-150x150.jpg\" alt=\"\" width=\"60\" height=\"60\" loading=\"lazy\"\/><\/div><\/div><div class=\"uagb-testimonial-details\"><span class=\"uagb-tm__author-name\">Nina<\/span><span class=\"uagb-tm__company\"><\/span><\/div><\/div><\/div><\/div><\/div><div class=\"uagb-testimonial__wrap  uagb-tm__imgicon-style-circle uagb-tm__image-position-bottom uagb-tm__bg-type-color\"><div class=\"uagb-tm__content\"><div class=\"uagb-tm__overlay\"><\/div><div class=\"uagb-tm__text-wrap\"><div class=\"uagb-tm__desc\">Fantastic Couple Session and caring support!<br>Wir sind \u00fcber eine Empfehlung auf Alicia gesto\u00dfen und wurden nicht entt\u00e4uscht. Sie hat sich bereits im Vorhinein unglaublich viel Zeit genommen, um uns kennenzulernen und herauszufinden, wie wir uns die Fotos vorstellen. Beim Shooting selbst hat sie uns mit ihren vielseitigen Ideen und Tipps geholfen, uns vor der Kamera wohlzuf\u00fchlen. Auch dort hat sie sich sehr viel Zeit genommen. Die bearbeiteten Fotos haben wir noch in derselben Woche bekommen &#8211; sie sind wundersch\u00f6n geworden<\/div><div class=\"uagb-tm__meta-inner\"><div class=\"uagb-tm__image-content\"><div class=\"uagb-tm__image\"><img decoding=\"async\" class=\"uagb-tm-img-src\" src=\"https:\/\/alixaphotography.com\/wp-content\/uploads\/2024\/12\/IMG_3843-150x150.jpg\" alt=\"\" width=\"60\" height=\"60\" loading=\"lazy\"\/><\/div><\/div><div class=\"uagb-testimonial-details\"><span class=\"uagb-tm__author-name\">Hannah<\/span><span class=\"uagb-tm__company\"><\/span><\/div><\/div><\/div><\/div><\/div><\/div><\/div>\n<\/div><\/div>\n\n\n\n<p><\/p>","protected":false},"excerpt":{"rendered":"<p>Lass uns einander kennenlernen! Ich bin Alicia! Ich bin geb\u00fcrtige Wienerin mit argentinischen Wurzeln. Da ich Familie in Argentinien habe, bin ich schon seit ich ein Kind bin viel gereist. Ich war immer neugierig und musste immer etwas machen. Deswegen habe ich irgendwann eine kleine Kamera bekommen und war \u00fcbergl\u00fccklich. (Klein Alicia liebte es Kn\u00f6pfe [&hellip;]<\/p>\n","protected":false},"author":1,"featured_media":0,"parent":0,"menu_order":0,"comment_status":"closed","ping_status":"closed","template":"","meta":{"_uag_custom_page_level_css":"","site-sidebar-layout":"no-sidebar","site-content-layout":"page-builder","ast-site-content-layout":"full-width-container","site-content-style":"unboxed","site-sidebar-style":"unboxed","ast-global-header-display":"","ast-banner-title-visibility":"","ast-main-header-display":"","ast-hfb-above-header-display":"","ast-hfb-below-header-display":"","ast-hfb-mobile-header-display":"","site-post-title":"disabled","ast-breadcrumbs-content":"","ast-featured-img":"disabled","footer-sml-layout":"","ast-disable-related-posts":"","theme-transparent-header-meta":"enabled","adv-header-id-meta":"","stick-header-meta":"","header-above-stick-meta":"","header-main-stick-meta":"","header-below-stick-meta":"","astra-migrate-meta-layouts":"set","ast-page-background-enabled":"default","ast-page-background-meta":{"desktop":{"background-color":"","background-image":"","background-repeat":"repeat","background-position":"center center","background-size":"auto","background-attachment":"scroll","background-type":"","background-media":"","overlay-type":"","overlay-color":"","overlay-opacity":"","overlay-gradient":""},"tablet":{"background-color":"","background-image":"","background-repeat":"repeat","background-position":"center center","background-size":"auto","background-attachment":"scroll","background-type":"","background-media":"","overlay-type":"","overlay-color":"","overlay-opacity":"","overlay-gradient":""},"mobile":{"background-color":"","background-image":"","background-repeat":"repeat","background-position":"center center","background-size":"auto","background-attachment":"scroll","background-type":"","background-media":"","overlay-type":"","overlay-color":"","overlay-opacity":"","overlay-gradient":""}},"ast-content-background-meta":{"desktop":{"background-color":"var(--ast-global-color-5)","background-image":"","background-repeat":"repeat","background-position":"center center","background-size":"auto","background-attachment":"scroll","background-type":"","background-media":"","overlay-type":"","overlay-color":"","overlay-opacity":"","overlay-gradient":""},"tablet":{"background-color":"var(--ast-global-color-5)","background-image":"","background-repeat":"repeat","background-position":"center center","background-size":"auto","background-attachment":"scroll","background-type":"","background-media":"","overlay-type":"","overlay-color":"","overlay-opacity":"","overlay-gradient":""},"mobile":{"background-color":"var(--ast-global-color-5)","background-image":"","background-repeat":"repeat","background-position":"center center","background-size":"auto","background-attachment":"scroll","background-type":"","background-media":"","overlay-type":"","overlay-color":"","overlay-opacity":"","overlay-gradient":""}},"footnotes":""},"class_list":["post-694","page","type-page","status-publish","hentry"],"yoast_head":"<!-- This site is optimized with the Yoast SEO plugin v27.5 - https:\/\/yoast.com\/product\/yoast-seo-wordpress\/ -->\n<title>Alixa Photography by Alicia Bogner | Paar Und Hochzeitsfotografin<\/title>\n<meta name=\"description\" content=\"Lass uns einander Kennenlernen! Eure Fotografin f\u00fcr Hochzeiten, Paare und Portraits in Wien.\" \/>\n<meta name=\"robots\" content=\"index, follow, max-snippet:-1, max-image-preview:large, max-video-preview:-1\" \/>\n<link rel=\"canonical\" href=\"https:\/\/alixaphotography.com\/en\/ueber-mich\/\" \/>\n<meta property=\"og:locale\" content=\"en_US\" \/>\n<meta property=\"og:type\" content=\"article\" \/>\n<meta property=\"og:title\" content=\"Alixa Photography by Alicia Bogner | Paar Und Hochzeitsfotografin\" \/>\n<meta property=\"og:description\" content=\"Lass uns einander Kennenlernen! Eure Fotografin f\u00fcr Hochzeiten, Paare und Portraits in Wien.\" \/>\n<meta property=\"og:url\" content=\"https:\/\/alixaphotography.com\/en\/ueber-mich\/\" \/>\n<meta property=\"og:site_name\" content=\"Alixa Photography by Alicia Bogner\" \/>\n<meta property=\"article:publisher\" content=\"https:\/\/www.facebook.com\/profile.php?id=61567727885381\" \/>\n<meta property=\"article:modified_time\" content=\"2026-03-02T21:40:46+00:00\" \/>\n<meta property=\"og:image\" content=\"https:\/\/alixaphotography.com\/wp-content\/uploads\/2024\/06\/IMG_7450-819x1024.jpeg\" \/>\n<meta name=\"twitter:card\" content=\"summary_large_image\" \/>\n<meta name=\"twitter:label1\" content=\"Est. reading time\" \/>\n\t<meta name=\"twitter:data1\" content=\"3 minutes\" \/>\n<script type=\"application\/ld+json\" class=\"yoast-schema-graph\">{\"@context\":\"https:\\\/\\\/schema.org\",\"@graph\":[{\"@type\":\"WebPage\",\"@id\":\"https:\\\/\\\/alixaphotography.com\\\/ueber-mich\\\/\",\"url\":\"https:\\\/\\\/alixaphotography.com\\\/ueber-mich\\\/\",\"name\":\"Alixa Photography by Alicia Bogner | Paar Und Hochzeitsfotografin\",\"isPartOf\":{\"@id\":\"https:\\\/\\\/alixaphotography.com\\\/#website\"},\"primaryImageOfPage\":{\"@id\":\"https:\\\/\\\/alixaphotography.com\\\/ueber-mich\\\/#primaryimage\"},\"image\":{\"@id\":\"https:\\\/\\\/alixaphotography.com\\\/ueber-mich\\\/#primaryimage\"},\"thumbnailUrl\":\"https:\\\/\\\/alixaphotography.com\\\/wp-content\\\/uploads\\\/2024\\\/06\\\/IMG_7450-819x1024.jpeg\",\"datePublished\":\"2024-05-06T12:01:10+00:00\",\"dateModified\":\"2026-03-02T21:40:46+00:00\",\"description\":\"Lass uns einander Kennenlernen! Eure Fotografin f\u00fcr Hochzeiten, Paare und Portraits in Wien.\",\"breadcrumb\":{\"@id\":\"https:\\\/\\\/alixaphotography.com\\\/ueber-mich\\\/#breadcrumb\"},\"inLanguage\":\"en-US\",\"potentialAction\":[{\"@type\":\"ReadAction\",\"target\":[\"https:\\\/\\\/alixaphotography.com\\\/ueber-mich\\\/\"]}]},{\"@type\":\"ImageObject\",\"inLanguage\":\"en-US\",\"@id\":\"https:\\\/\\\/alixaphotography.com\\\/ueber-mich\\\/#primaryimage\",\"url\":\"https:\\\/\\\/alixaphotography.com\\\/wp-content\\\/uploads\\\/2024\\\/06\\\/IMG_7450-819x1024.jpeg\",\"contentUrl\":\"https:\\\/\\\/alixaphotography.com\\\/wp-content\\\/uploads\\\/2024\\\/06\\\/IMG_7450-819x1024.jpeg\"},{\"@type\":\"BreadcrumbList\",\"@id\":\"https:\\\/\\\/alixaphotography.com\\\/ueber-mich\\\/#breadcrumb\",\"itemListElement\":[{\"@type\":\"ListItem\",\"position\":1,\"name\":\"Startseite\",\"item\":\"https:\\\/\\\/alixaphotography.com\\\/\"},{\"@type\":\"ListItem\",\"position\":2,\"name\":\"\u00dcber Mich\"}]},{\"@type\":\"WebSite\",\"@id\":\"https:\\\/\\\/alixaphotography.com\\\/#website\",\"url\":\"https:\\\/\\\/alixaphotography.com\\\/\",\"name\":\"Alixa Photography | Alicia Bogner\",\"description\":\"Capturing unique stories\",\"publisher\":{\"@id\":\"https:\\\/\\\/alixaphotography.com\\\/#organization\"},\"potentialAction\":[{\"@type\":\"SearchAction\",\"target\":{\"@type\":\"EntryPoint\",\"urlTemplate\":\"https:\\\/\\\/alixaphotography.com\\\/?s={search_term_string}\"},\"query-input\":{\"@type\":\"PropertyValueSpecification\",\"valueRequired\":true,\"valueName\":\"search_term_string\"}}],\"inLanguage\":\"en-US\"},{\"@type\":\"Organization\",\"@id\":\"https:\\\/\\\/alixaphotography.com\\\/#organization\",\"name\":\"Alixa Photography | Alicia Bogner\",\"url\":\"https:\\\/\\\/alixaphotography.com\\\/\",\"logo\":{\"@type\":\"ImageObject\",\"inLanguage\":\"en-US\",\"@id\":\"https:\\\/\\\/alixaphotography.com\\\/#\\\/schema\\\/logo\\\/image\\\/\",\"url\":\"https:\\\/\\\/alixaphotography.com\\\/wp-content\\\/uploads\\\/2024\\\/05\\\/Logo-1.png\",\"contentUrl\":\"https:\\\/\\\/alixaphotography.com\\\/wp-content\\\/uploads\\\/2024\\\/05\\\/Logo-1.png\",\"width\":1563,\"height\":1563,\"caption\":\"Alixa Photography | Alicia Bogner\"},\"image\":{\"@id\":\"https:\\\/\\\/alixaphotography.com\\\/#\\\/schema\\\/logo\\\/image\\\/\"},\"sameAs\":[\"https:\\\/\\\/www.facebook.com\\\/profile.php?id=61567727885381\",\"https:\\\/\\\/www.instagram.com\\\/alixa.photography\\\/\",\"https:\\\/\\\/at.pinterest.com\\\/alixaphotography\\\/\"]}]}<\/script>\n<!-- \/ Yoast SEO plugin. -->","yoast_head_json":{"title":"Alixa Photography by Alicia Bogner | Paar Und Hochzeitsfotografin","description":"Lass uns einander Kennenlernen! Eure Fotografin f\u00fcr Hochzeiten, Paare und Portraits in Wien.","robots":{"index":"index","follow":"follow","max-snippet":"max-snippet:-1","max-image-preview":"max-image-preview:large","max-video-preview":"max-video-preview:-1"},"canonical":"https:\/\/alixaphotography.com\/en\/ueber-mich\/","og_locale":"en_US","og_type":"article","og_title":"Alixa Photography by Alicia Bogner | Paar Und Hochzeitsfotografin","og_description":"Lass uns einander Kennenlernen! Eure Fotografin f\u00fcr Hochzeiten, Paare und Portraits in Wien.","og_url":"https:\/\/alixaphotography.com\/en\/ueber-mich\/","og_site_name":"Alixa Photography by Alicia Bogner","article_publisher":"https:\/\/www.facebook.com\/profile.php?id=61567727885381","article_modified_time":"2026-03-02T21:40:46+00:00","og_image":[{"url":"https:\/\/alixaphotography.com\/wp-content\/uploads\/2024\/06\/IMG_7450-819x1024.jpeg","type":"","width":"","height":""}],"twitter_card":"summary_large_image","twitter_misc":{"Est. reading time":"3 minutes"},"schema":{"@context":"https:\/\/schema.org","@graph":[{"@type":"WebPage","@id":"https:\/\/alixaphotography.com\/ueber-mich\/","url":"https:\/\/alixaphotography.com\/ueber-mich\/","name":"Alixa Photography by Alicia Bogner | Paar Und Hochzeitsfotografin","isPartOf":{"@id":"https:\/\/alixaphotography.com\/#website"},"primaryImageOfPage":{"@id":"https:\/\/alixaphotography.com\/ueber-mich\/#primaryimage"},"image":{"@id":"https:\/\/alixaphotography.com\/ueber-mich\/#primaryimage"},"thumbnailUrl":"https:\/\/alixaphotography.com\/wp-content\/uploads\/2024\/06\/IMG_7450-819x1024.jpeg","datePublished":"2024-05-06T12:01:10+00:00","dateModified":"2026-03-02T21:40:46+00:00","description":"Lass uns einander Kennenlernen! Eure Fotografin f\u00fcr Hochzeiten, Paare und Portraits in Wien.","breadcrumb":{"@id":"https:\/\/alixaphotography.com\/ueber-mich\/#breadcrumb"},"inLanguage":"en-US","potentialAction":[{"@type":"ReadAction","target":["https:\/\/alixaphotography.com\/ueber-mich\/"]}]},{"@type":"ImageObject","inLanguage":"en-US","@id":"https:\/\/alixaphotography.com\/ueber-mich\/#primaryimage","url":"https:\/\/alixaphotography.com\/wp-content\/uploads\/2024\/06\/IMG_7450-819x1024.jpeg","contentUrl":"https:\/\/alixaphotography.com\/wp-content\/uploads\/2024\/06\/IMG_7450-819x1024.jpeg"},{"@type":"BreadcrumbList","@id":"https:\/\/alixaphotography.com\/ueber-mich\/#breadcrumb","itemListElement":[{"@type":"ListItem","position":1,"name":"Startseite","item":"https:\/\/alixaphotography.com\/"},{"@type":"ListItem","position":2,"name":"\u00dcber Mich"}]},{"@type":"WebSite","@id":"https:\/\/alixaphotography.com\/#website","url":"https:\/\/alixaphotography.com\/","name":"Alixa Photography | Alicia Bogner","description":"Capturing unique stories","publisher":{"@id":"https:\/\/alixaphotography.com\/#organization"},"potentialAction":[{"@type":"SearchAction","target":{"@type":"EntryPoint","urlTemplate":"https:\/\/alixaphotography.com\/?s={search_term_string}"},"query-input":{"@type":"PropertyValueSpecification","valueRequired":true,"valueName":"search_term_string"}}],"inLanguage":"en-US"},{"@type":"Organization","@id":"https:\/\/alixaphotography.com\/#organization","name":"Alixa Photography | Alicia Bogner","url":"https:\/\/alixaphotography.com\/","logo":{"@type":"ImageObject","inLanguage":"en-US","@id":"https:\/\/alixaphotography.com\/#\/schema\/logo\/image\/","url":"https:\/\/alixaphotography.com\/wp-content\/uploads\/2024\/05\/Logo-1.png","contentUrl":"https:\/\/alixaphotography.com\/wp-content\/uploads\/2024\/05\/Logo-1.png","width":1563,"height":1563,"caption":"Alixa Photography | Alicia Bogner"},"image":{"@id":"https:\/\/alixaphotography.com\/#\/schema\/logo\/image\/"},"sameAs":["https:\/\/www.facebook.com\/profile.php?id=61567727885381","https:\/\/www.instagram.com\/alixa.photography\/","https:\/\/at.pinterest.com\/alixaphotography\/"]}]}},"uagb_featured_image_src":{"full":false,"thumbnail":false,"medium":false,"medium_large":false,"large":false,"1536x1536":false,"2048x2048":false,"trp-custom-language-flag":false},"uagb_author_info":{"display_name":"Alicia Bogner","author_link":"https:\/\/alixaphotography.com\/en\/author\/alixa\/"},"uagb_comment_info":0,"uagb_excerpt":"Lass uns einander kennenlernen! Ich bin Alicia! Ich bin geb\u00fcrtige Wienerin mit argentinischen Wurzeln. Da ich Familie in Argentinien habe, bin ich schon seit ich ein Kind bin viel gereist. Ich war immer neugierig und musste immer etwas machen. Deswegen habe ich irgendwann eine kleine Kamera bekommen und war \u00fcbergl\u00fccklich. (Klein Alicia liebte es Kn\u00f6pfe&hellip;","_links":{"self":[{"href":"https:\/\/alixaphotography.com\/en\/wp-json\/wp\/v2\/pages\/694","targetHints":{"allow":["GET"]}}],"collection":[{"href":"https:\/\/alixaphotography.com\/en\/wp-json\/wp\/v2\/pages"}],"about":[{"href":"https:\/\/alixaphotography.com\/en\/wp-json\/wp\/v2\/types\/page"}],"author":[{"embeddable":true,"href":"https:\/\/alixaphotography.com\/en\/wp-json\/wp\/v2\/users\/1"}],"replies":[{"embeddable":true,"href":"https:\/\/alixaphotography.com\/en\/wp-json\/wp\/v2\/comments?post=694"}],"version-history":[{"count":67,"href":"https:\/\/alixaphotography.com\/en\/wp-json\/wp\/v2\/pages\/694\/revisions"}],"predecessor-version":[{"id":2913,"href":"https:\/\/alixaphotography.com\/en\/wp-json\/wp\/v2\/pages\/694\/revisions\/2913"}],"wp:attachment":[{"href":"https:\/\/alixaphotography.com\/en\/wp-json\/wp\/v2\/media?parent=694"}],"curies":[{"name":"wp","href":"https:\/\/api.w.org\/{rel}","templated":true}]}}