{"id":696,"date":"2024-05-06T12:01:10","date_gmt":"2024-05-06T12:01:10","guid":{"rendered":"https:\/\/alixaphotography.com\/index.php\/repertoire\/"},"modified":"2026-03-02T22:04:35","modified_gmt":"2026-03-02T22:04:35","slug":"meine-arbeiten","status":"publish","type":"page","link":"https:\/\/alixaphotography.com\/en\/meine-arbeiten\/","title":{"rendered":"My Work"},"content":{"rendered":"<div class=\"wp-block-uagb-container uagb-block-b6ef016e alignfull uagb-is-root-container\"><div class=\"uagb-container-inner-blocks-wrap\">\n<div class=\"wp-block-uagb-container uagb-block-75fcc753\">\n<div style=\"height:114px\" aria-hidden=\"true\" class=\"wp-block-spacer\"><\/div>\n\n\n\n<div style=\"height:491px\" aria-hidden=\"true\" class=\"wp-block-spacer\"><\/div>\n\n\n\n<div class=\"wp-block-uagb-container uagb-block-53582250\">\n<div class=\"wp-block-columns is-layout-flex wp-container-core-columns-is-layout-28f84493 wp-block-columns-is-layout-flex\">\n<div class=\"wp-block-column is-layout-flow wp-block-column-is-layout-flow\"><\/div>\n\n\n\n<div class=\"wp-block-column is-layout-flow wp-block-column-is-layout-flow\">\n<h2 class=\"wp-block-heading has-text-align-center has-large-font-size\"><a href=\"https:\/\/alixaphotography.com\/en\/paare\/\">Couple Photography<\/a><\/h2>\n<\/div>\n\n\n\n<div class=\"wp-block-column is-layout-flow wp-block-column-is-layout-flow\"><\/div>\n<\/div>\n<\/div>\n\n\n\n<p class=\"has-text-align-center has-background has-medium-font-size\" style=\"border-style:none;border-width:0px;background-color:#5e483d82;margin-top:0;margin-right:0;margin-bottom:0;margin-left:0;padding-top:var(--wp--preset--spacing--40);padding-right:0;padding-bottom:var(--wp--preset--spacing--40);padding-left:0\">A romantic couple photoshoot is the perfect date idea \u2013 every picture tells your story!<\/p>\n\n\n\n<div style=\"height:138px\" aria-hidden=\"true\" class=\"wp-block-spacer\"><\/div>\n\n\n\n<div class=\"wp-block-columns is-layout-flex wp-container-core-columns-is-layout-28f84493 wp-block-columns-is-layout-flex\">\n<div class=\"wp-block-column is-layout-flow wp-block-column-is-layout-flow\" style=\"flex-basis:100%\"><\/div>\n<\/div>\n<\/div>\n<\/div><\/div>\n\n\n\n<div class=\"wp-block-uagb-container uagb-block-1eb2c77c alignfull uagb-is-root-container\"><div class=\"uagb-container-inner-blocks-wrap\">\n<div style=\"height:657px\" aria-hidden=\"true\" class=\"wp-block-spacer\"><\/div>\n\n\n\n<h2 class=\"wp-block-heading has-text-align-center\"><a href=\"https:\/\/alixaphotography.com\/en\/hochzeiten\/\">Wedding Photography<\/a><\/h2>\n\n\n\n<p class=\"has-text-align-center has-ast-global-color-3-color has-text-color has-background has-medium-font-size\" style=\"border-style:none;border-width:0px;background-color:#5e483d91;margin-top:0;margin-right:0;margin-bottom:0;margin-left:0;padding-top:var(--wp--preset--spacing--40);padding-right:0;padding-bottom:var(--wp--preset--spacing--40);padding-left:0\">Wedding photography is the art of capturing the beautiful moments of your special day for eternity.<\/p>\n\n\n\n<div style=\"height:131px\" aria-hidden=\"true\" class=\"wp-block-spacer\"><\/div>\n<\/div><\/div>\n\n\n\n<div class=\"wp-block-uagb-container uagb-block-39f8d2a1 alignfull uagb-is-root-container\"><div class=\"uagb-container-inner-blocks-wrap\">\n<div style=\"height:662px\" aria-hidden=\"true\" class=\"wp-block-spacer\"><\/div>\n\n\n\n<h2 class=\"wp-block-heading has-text-align-center\"><a href=\"https:\/\/alixaphotography.com\/en\/portraits\/\">Portrait Photography<\/a><\/h2>\n\n\n\n<p class=\"has-text-align-center has-ast-global-color-3-color has-text-color has-background has-medium-font-size\" style=\"border-style:none;border-width:0px;background-color:#5e483d91;margin-top:0;margin-right:0;margin-bottom:0;margin-left:0;padding-top:var(--wp--preset--spacing--40);padding-right:0;padding-bottom:var(--wp--preset--spacing--40);padding-left:0\">Whether creative shoots, brand photos, fashion, or editorial \u2014 you\u2019re in the right place with me!<\/p>\n\n\n\n<div style=\"height:127px\" aria-hidden=\"true\" class=\"wp-block-spacer\"><\/div>\n<\/div><\/div>\n\n\n\n<p class=\"has-text-align-center has-ast-global-color-3-color has-text-color has-link-color has-medium-font-size wp-elements-542916abc35a09504eb2b2953e0ee97c\"><\/p>\n\n\n\n<p class=\"has-text-align-center has-ast-global-color-3-color has-text-color has-link-color has-medium-font-size wp-elements-542916abc35a09504eb2b2953e0ee97c\"><\/p>\n\n\n\n<div style=\"height:424px\" aria-hidden=\"true\" class=\"wp-block-spacer\"><\/div>\n\n\n\n<p class=\"has-ast-global-color-3-color has-text-color has-link-color wp-elements-dd7b6e6623480e52307c636a59d07286\"><\/p>","protected":false},"excerpt":{"rendered":"<p>Paarfotgrafie Ein romantisches Paarfotoshooting ist die perfekte Date Idee &#8211; jedes Bild erz\u00e4hlt eure Geschichte! Hochzeitsfotografie Hochzeitsfotografie ist die Kunst, die sch\u00f6nen Momente eures besonderen Tages f\u00fcr die Ewigkeit festzuhalten Portraitfotografie Ob kreative shoots, Brend Fotos, Fashion, Editorial. Bei mir bist du richtig!<\/p>","protected":false},"author":1,"featured_media":0,"parent":0,"menu_order":0,"comment_status":"closed","ping_status":"closed","template":"","meta":{"_uag_custom_page_level_css":"","site-sidebar-layout":"no-sidebar","site-content-layout":"plain-container","ast-site-content-layout":"normal-width-container","site-content-style":"unboxed","site-sidebar-style":"unboxed","ast-global-header-display":"","ast-banner-title-visibility":"","ast-main-header-display":"","ast-hfb-above-header-display":"","ast-hfb-below-header-display":"","ast-hfb-mobile-header-display":"","site-post-title":"disabled","ast-breadcrumbs-content":"","ast-featured-img":"disabled","footer-sml-layout":"","ast-disable-related-posts":"","theme-transparent-header-meta":"enabled","adv-header-id-meta":"","stick-header-meta":"","header-above-stick-meta":"","header-main-stick-meta":"","header-below-stick-meta":"","astra-migrate-meta-layouts":"set","ast-page-background-enabled":"default","ast-page-background-meta":{"desktop":{"background-color":"","background-image":"","background-repeat":"repeat","background-position":"center center","background-size":"auto","background-attachment":"scroll","background-type":"","background-media":"","overlay-type":"","overlay-color":"","overlay-opacity":"","overlay-gradient":""},"tablet":{"background-color":"","background-image":"","background-repeat":"repeat","background-position":"center center","background-size":"auto","background-attachment":"scroll","background-type":"","background-media":"","overlay-type":"","overlay-color":"","overlay-opacity":"","overlay-gradient":""},"mobile":{"background-color":"","background-image":"","background-repeat":"repeat","background-position":"center center","background-size":"auto","background-attachment":"scroll","background-type":"","background-media":"","overlay-type":"","overlay-color":"","overlay-opacity":"","overlay-gradient":""}},"ast-content-background-meta":{"desktop":{"background-color":"var(--ast-global-color-5)","background-image":"","background-repeat":"repeat","background-position":"center center","background-size":"auto","background-attachment":"scroll","background-type":"","background-media":"","overlay-type":"","overlay-color":"","overlay-opacity":"","overlay-gradient":""},"tablet":{"background-color":"var(--ast-global-color-5)","background-image":"","background-repeat":"repeat","background-position":"center center","background-size":"auto","background-attachment":"scroll","background-type":"","background-media":"","overlay-type":"","overlay-color":"","overlay-opacity":"","overlay-gradient":""},"mobile":{"background-color":"var(--ast-global-color-5)","background-image":"","background-repeat":"repeat","background-position":"center center","background-size":"auto","background-attachment":"scroll","background-type":"","background-media":"","overlay-type":"","overlay-color":"","overlay-opacity":"","overlay-gradient":""}},"footnotes":""},"class_list":["post-696","page","type-page","status-publish","hentry"],"yoast_head":"<!-- This site is optimized with the Yoast SEO plugin v27.5 - https:\/\/yoast.com\/product\/yoast-seo-wordpress\/ -->\n<title>Alixa Photography by Alicia Bogner |<\/title>\n<meta name=\"description\" content=\"Paarfotgrafie Ein romantisches Paarfotoshooting ist die perfekte Date Idee - jedes Bild erz\u00e4hlt eure Geschichte! Hochzeitsfotografie Hochzeitsfotografie\" \/>\n<meta name=\"robots\" content=\"index, follow, max-snippet:-1, max-image-preview:large, max-video-preview:-1\" \/>\n<link rel=\"canonical\" href=\"https:\/\/alixaphotography.com\/en\/meine-arbeiten\/\" \/>\n<meta property=\"og:locale\" content=\"en_US\" \/>\n<meta property=\"og:type\" content=\"article\" \/>\n<meta property=\"og:title\" content=\"Alixa Photography by Alicia Bogner |\" \/>\n<meta property=\"og:description\" content=\"Paarfotgrafie Ein romantisches Paarfotoshooting ist die perfekte Date Idee - jedes Bild erz\u00e4hlt eure Geschichte! Hochzeitsfotografie Hochzeitsfotografie\" \/>\n<meta property=\"og:url\" content=\"https:\/\/alixaphotography.com\/en\/meine-arbeiten\/\" \/>\n<meta property=\"og:site_name\" content=\"Alixa Photography by Alicia Bogner\" \/>\n<meta property=\"article:publisher\" content=\"https:\/\/www.facebook.com\/profile.php?id=61567727885381\" \/>\n<meta property=\"article:modified_time\" content=\"2026-03-02T22:04:35+00:00\" \/>\n<meta property=\"og:image\" content=\"https:\/\/alixaphotography.com\/wp-content\/uploads\/2024\/05\/Logo-1.png\" \/>\n\t<meta property=\"og:image:width\" content=\"1563\" \/>\n\t<meta property=\"og:image:height\" content=\"1563\" \/>\n\t<meta property=\"og:image:type\" content=\"image\/png\" \/>\n<meta name=\"twitter:card\" content=\"summary_large_image\" \/>\n<meta name=\"twitter:label1\" content=\"Est. reading time\" \/>\n\t<meta name=\"twitter:data1\" content=\"1 minute\" \/>\n<script type=\"application\/ld+json\" class=\"yoast-schema-graph\">{\"@context\":\"https:\\\/\\\/schema.org\",\"@graph\":[{\"@type\":\"WebPage\",\"@id\":\"https:\\\/\\\/alixaphotography.com\\\/meine-arbeiten\\\/\",\"url\":\"https:\\\/\\\/alixaphotography.com\\\/meine-arbeiten\\\/\",\"name\":\"Alixa Photography by Alicia Bogner |\",\"isPartOf\":{\"@id\":\"https:\\\/\\\/alixaphotography.com\\\/#website\"},\"datePublished\":\"2024-05-06T12:01:10+00:00\",\"dateModified\":\"2026-03-02T22:04:35+00:00\",\"description\":\"Paarfotgrafie Ein romantisches Paarfotoshooting ist die perfekte Date Idee - jedes Bild erz\u00e4hlt eure Geschichte! Hochzeitsfotografie Hochzeitsfotografie\",\"breadcrumb\":{\"@id\":\"https:\\\/\\\/alixaphotography.com\\\/meine-arbeiten\\\/#breadcrumb\"},\"inLanguage\":\"en-US\",\"potentialAction\":[{\"@type\":\"ReadAction\",\"target\":[\"https:\\\/\\\/alixaphotography.com\\\/meine-arbeiten\\\/\"]}]},{\"@type\":\"BreadcrumbList\",\"@id\":\"https:\\\/\\\/alixaphotography.com\\\/meine-arbeiten\\\/#breadcrumb\",\"itemListElement\":[{\"@type\":\"ListItem\",\"position\":1,\"name\":\"Startseite\",\"item\":\"https:\\\/\\\/alixaphotography.com\\\/\"},{\"@type\":\"ListItem\",\"position\":2,\"name\":\"Meine Arbeit\"}]},{\"@type\":\"WebSite\",\"@id\":\"https:\\\/\\\/alixaphotography.com\\\/#website\",\"url\":\"https:\\\/\\\/alixaphotography.com\\\/\",\"name\":\"Alixa Photography | Alicia Bogner\",\"description\":\"Capturing unique stories\",\"publisher\":{\"@id\":\"https:\\\/\\\/alixaphotography.com\\\/#organization\"},\"potentialAction\":[{\"@type\":\"SearchAction\",\"target\":{\"@type\":\"EntryPoint\",\"urlTemplate\":\"https:\\\/\\\/alixaphotography.com\\\/?s={search_term_string}\"},\"query-input\":{\"@type\":\"PropertyValueSpecification\",\"valueRequired\":true,\"valueName\":\"search_term_string\"}}],\"inLanguage\":\"en-US\"},{\"@type\":\"Organization\",\"@id\":\"https:\\\/\\\/alixaphotography.com\\\/#organization\",\"name\":\"Alixa Photography | Alicia Bogner\",\"url\":\"https:\\\/\\\/alixaphotography.com\\\/\",\"logo\":{\"@type\":\"ImageObject\",\"inLanguage\":\"en-US\",\"@id\":\"https:\\\/\\\/alixaphotography.com\\\/#\\\/schema\\\/logo\\\/image\\\/\",\"url\":\"https:\\\/\\\/alixaphotography.com\\\/wp-content\\\/uploads\\\/2024\\\/05\\\/Logo-1.png\",\"contentUrl\":\"https:\\\/\\\/alixaphotography.com\\\/wp-content\\\/uploads\\\/2024\\\/05\\\/Logo-1.png\",\"width\":1563,\"height\":1563,\"caption\":\"Alixa Photography | Alicia Bogner\"},\"image\":{\"@id\":\"https:\\\/\\\/alixaphotography.com\\\/#\\\/schema\\\/logo\\\/image\\\/\"},\"sameAs\":[\"https:\\\/\\\/www.facebook.com\\\/profile.php?id=61567727885381\",\"https:\\\/\\\/www.instagram.com\\\/alixa.photography\\\/\",\"https:\\\/\\\/at.pinterest.com\\\/alixaphotography\\\/\"]}]}<\/script>\n<!-- \/ Yoast SEO plugin. -->","yoast_head_json":{"title":"Alixa Photography by Alicia Bogner |","description":"Paarfotgrafie Ein romantisches Paarfotoshooting ist die perfekte Date Idee - jedes Bild erz\u00e4hlt eure Geschichte! Hochzeitsfotografie Hochzeitsfotografie","robots":{"index":"index","follow":"follow","max-snippet":"max-snippet:-1","max-image-preview":"max-image-preview:large","max-video-preview":"max-video-preview:-1"},"canonical":"https:\/\/alixaphotography.com\/en\/meine-arbeiten\/","og_locale":"en_US","og_type":"article","og_title":"Alixa Photography by Alicia Bogner |","og_description":"Paarfotgrafie Ein romantisches Paarfotoshooting ist die perfekte Date Idee - jedes Bild erz\u00e4hlt eure Geschichte! Hochzeitsfotografie Hochzeitsfotografie","og_url":"https:\/\/alixaphotography.com\/en\/meine-arbeiten\/","og_site_name":"Alixa Photography by Alicia Bogner","article_publisher":"https:\/\/www.facebook.com\/profile.php?id=61567727885381","article_modified_time":"2026-03-02T22:04:35+00:00","og_image":[{"width":1563,"height":1563,"url":"https:\/\/alixaphotography.com\/wp-content\/uploads\/2024\/05\/Logo-1.png","type":"image\/png"}],"twitter_card":"summary_large_image","twitter_misc":{"Est. reading time":"1 minute"},"schema":{"@context":"https:\/\/schema.org","@graph":[{"@type":"WebPage","@id":"https:\/\/alixaphotography.com\/meine-arbeiten\/","url":"https:\/\/alixaphotography.com\/meine-arbeiten\/","name":"Alixa Photography by Alicia Bogner |","isPartOf":{"@id":"https:\/\/alixaphotography.com\/#website"},"datePublished":"2024-05-06T12:01:10+00:00","dateModified":"2026-03-02T22:04:35+00:00","description":"Paarfotgrafie Ein romantisches Paarfotoshooting ist die perfekte Date Idee - jedes Bild erz\u00e4hlt eure Geschichte! Hochzeitsfotografie Hochzeitsfotografie","breadcrumb":{"@id":"https:\/\/alixaphotography.com\/meine-arbeiten\/#breadcrumb"},"inLanguage":"en-US","potentialAction":[{"@type":"ReadAction","target":["https:\/\/alixaphotography.com\/meine-arbeiten\/"]}]},{"@type":"BreadcrumbList","@id":"https:\/\/alixaphotography.com\/meine-arbeiten\/#breadcrumb","itemListElement":[{"@type":"ListItem","position":1,"name":"Startseite","item":"https:\/\/alixaphotography.com\/"},{"@type":"ListItem","position":2,"name":"Meine Arbeit"}]},{"@type":"WebSite","@id":"https:\/\/alixaphotography.com\/#website","url":"https:\/\/alixaphotography.com\/","name":"Alixa Photography | Alicia Bogner","description":"Capturing unique stories","publisher":{"@id":"https:\/\/alixaphotography.com\/#organization"},"potentialAction":[{"@type":"SearchAction","target":{"@type":"EntryPoint","urlTemplate":"https:\/\/alixaphotography.com\/?s={search_term_string}"},"query-input":{"@type":"PropertyValueSpecification","valueRequired":true,"valueName":"search_term_string"}}],"inLanguage":"en-US"},{"@type":"Organization","@id":"https:\/\/alixaphotography.com\/#organization","name":"Alixa Photography | Alicia Bogner","url":"https:\/\/alixaphotography.com\/","logo":{"@type":"ImageObject","inLanguage":"en-US","@id":"https:\/\/alixaphotography.com\/#\/schema\/logo\/image\/","url":"https:\/\/alixaphotography.com\/wp-content\/uploads\/2024\/05\/Logo-1.png","contentUrl":"https:\/\/alixaphotography.com\/wp-content\/uploads\/2024\/05\/Logo-1.png","width":1563,"height":1563,"caption":"Alixa Photography | Alicia Bogner"},"image":{"@id":"https:\/\/alixaphotography.com\/#\/schema\/logo\/image\/"},"sameAs":["https:\/\/www.facebook.com\/profile.php?id=61567727885381","https:\/\/www.instagram.com\/alixa.photography\/","https:\/\/at.pinterest.com\/alixaphotography\/"]}]}},"uagb_featured_image_src":{"full":false,"thumbnail":false,"medium":false,"medium_large":false,"large":false,"1536x1536":false,"2048x2048":false,"trp-custom-language-flag":false},"uagb_author_info":{"display_name":"Alicia Bogner","author_link":"https:\/\/alixaphotography.com\/en\/author\/alixa\/"},"uagb_comment_info":0,"uagb_excerpt":"Paarfotgrafie Ein romantisches Paarfotoshooting ist die perfekte Date Idee &#8211; jedes Bild erz\u00e4hlt eure Geschichte! Hochzeitsfotografie Hochzeitsfotografie ist die Kunst, die sch\u00f6nen Momente eures besonderen Tages f\u00fcr die Ewigkeit festzuhalten Portraitfotografie Ob kreative shoots, Brend Fotos, Fashion, Editorial. Bei mir bist du richtig!","_links":{"self":[{"href":"https:\/\/alixaphotography.com\/en\/wp-json\/wp\/v2\/pages\/696","targetHints":{"allow":["GET"]}}],"collection":[{"href":"https:\/\/alixaphotography.com\/en\/wp-json\/wp\/v2\/pages"}],"about":[{"href":"https:\/\/alixaphotography.com\/en\/wp-json\/wp\/v2\/types\/page"}],"author":[{"embeddable":true,"href":"https:\/\/alixaphotography.com\/en\/wp-json\/wp\/v2\/users\/1"}],"replies":[{"embeddable":true,"href":"https:\/\/alixaphotography.com\/en\/wp-json\/wp\/v2\/comments?post=696"}],"version-history":[{"count":181,"href":"https:\/\/alixaphotography.com\/en\/wp-json\/wp\/v2\/pages\/696\/revisions"}],"predecessor-version":[{"id":2929,"href":"https:\/\/alixaphotography.com\/en\/wp-json\/wp\/v2\/pages\/696\/revisions\/2929"}],"wp:attachment":[{"href":"https:\/\/alixaphotography.com\/en\/wp-json\/wp\/v2\/media?parent=696"}],"curies":[{"name":"wp","href":"https:\/\/api.w.org\/{rel}","templated":true}]}}